{"id":581,"date":"2020-02-13T15:29:17","date_gmt":"2020-02-13T14:29:17","guid":{"rendered":"https:\/\/www.austriataxi.info\/taxi-oetztal\/"},"modified":"2025-06-11T18:32:02","modified_gmt":"2025-06-11T16:32:02","slug":"taxi-oetztal","status":"publish","type":"page","link":"https:\/\/www.austriataxi.info\/en\/taxi-oetztal\/","title":{"rendered":"Taxi \u00d6tztal"},"content":{"rendered":"<p>[et_pb_section fb_built=&#8221;1&#8243; _builder_version=&#8221;4.16&#8243; background_color=&#8221;#EEF0FF&#8221; custom_margin=&#8221;||||false|false&#8221; custom_padding=&#8221;0px||2rem||false|false&#8221; global_colors_info=&#8221;{}&#8221;][et_pb_row _builder_version=&#8221;4.16&#8243; custom_padding=&#8221;2rem||1rem||false|false&#8221; global_colors_info=&#8221;{}&#8221;][et_pb_column type=&#8221;4_4&#8243; _builder_version=&#8221;4.16&#8243; global_colors_info=&#8221;{}&#8221;][et_pb_text _builder_version=&#8221;4.16&#8243; global_colors_info=&#8221;{}&#8221;]<\/p>\n<h1>Taxi \u00d6tztal \u2013 Get from the \u00d6tztal train station to your destination<\/h1>\n<p>[\/et_pb_text][\/et_pb_column][\/et_pb_row][et_pb_row _builder_version=&#8221;4.16&#8243; custom_margin=&#8221;||||false|false&#8221; custom_padding=&#8221;0rem||0rem||true|false&#8221; global_colors_info=&#8221;{}&#8221;][et_pb_column type=&#8221;4_4&#8243; _builder_version=&#8221;4.16&#8243; global_colors_info=&#8221;{}&#8221;][et_pb_text _builder_version=&#8221;4.16&#8243; global_colors_info=&#8221;{}&#8221;]<\/p>\n<h2>Taxi Obergurgl, S\u00f6lden, \u00d6tz\u2026<\/h2>\n<p>[\/et_pb_text][\/et_pb_column][\/et_pb_row][et_pb_row column_structure=&#8221;3_5,2_5&#8243; _builder_version=&#8221;4.16&#8243; custom_padding=&#8221;0px||0px||true|false&#8221; global_colors_info=&#8221;{}&#8221;][et_pb_column type=&#8221;3_5&#8243; _builder_version=&#8221;4.16&#8243; global_colors_info=&#8221;{}&#8221;][et_pb_text _builder_version=&#8221;4.16&#8243; global_colors_info=&#8221;{}&#8221;]<\/p>\n<p>We are your taxi for the Oetztal, Obergurgl and Soelden. Our perfect location in Oetztal Bahnhof (directly next to the train station) makes us the ideal Taxi for your vacation in Tyrol.<\/p>\n<p>Many of our costumers travel by train to the Oetztal train station and find our Austria Taxi right next to it, ready to go.<\/p>\n<p>Straight from the train into the taxi \u2013 Austria Taxi Tipotsch is waiting for you! Since many years our taxi Oetztal service bring guests from Oetztal Bahnhof to the holiday destinations in Soelden, Obergurgl and Oetz.<\/p>\n<p>[\/et_pb_text][\/et_pb_column][et_pb_column type=&#8221;2_5&#8243; _builder_version=&#8221;4.16&#8243; global_colors_info=&#8221;{}&#8221;][et_pb_image src=&#8221;https:\/\/www.austriataxi.info\/wp-content\/uploads\/2020\/02\/taxi-oetztal-soelden-obergurgl.jpg&#8221; alt=&#8221;Taxi \u00d6tztal S\u00f6lden Obergurgl&#8221; title_text=&#8221;Taxi \u00d6tztal S\u00f6lden Obergurgl&#8221; show_in_lightbox=&#8221;on&#8221; _builder_version=&#8221;4.16&#8243; border_radii=&#8221;on|3px|3px|3px|3px&#8221; border_color_all=&#8221;#1B203D&#8221; box_shadow_style=&#8221;preset4&#8243; box_shadow_horizontal=&#8221;2px&#8221; box_shadow_vertical=&#8221;2px&#8221; box_shadow_color=&#8221;#1B203D&#8221; global_colors_info=&#8221;{}&#8221;][\/et_pb_image][\/et_pb_column][\/et_pb_row][\/et_pb_section][et_pb_section fb_built=&#8221;1&#8243; _builder_version=&#8221;4.16&#8243; custom_margin=&#8221;||||false|false&#8221; custom_padding=&#8221;0px||2rem||false|false&#8221; global_colors_info=&#8221;{}&#8221;][et_pb_row column_structure=&#8221;3_5,2_5&#8243; _builder_version=&#8221;4.16&#8243; custom_margin=&#8221;2rem||||false|false&#8221; custom_padding=&#8221;0px||0px||true|false&#8221; global_colors_info=&#8221;{}&#8221;][et_pb_column type=&#8221;3_5&#8243; _builder_version=&#8221;4.16&#8243; global_colors_info=&#8221;{}&#8221;][et_pb_text _builder_version=&#8221;4.16&#8243; global_colors_info=&#8221;{}&#8221;]<\/p>\n<h3>Direct taxi transfer to the \u00d6tztal<\/h3>\n<p>Since 1980 we offer transfers as Taxi \u00d6tztal, Obergurgl, S\u00f6lden. More and more guests use our services and appreciate the fact that we, as a family-run business, pay attention to the quality of our taxi service. As Taxi \u00d6tztal, Taxi Obergurgl and Taxi S\u00f6lden we have acquired a fleet of modern vehicles and offer many guests and locals our taxi services for Tirol with great pleasure.<\/p>\n<p>In winter our taxi service picks up many guests from the \u00d6tztal train station and tranfers them, nonstop, to their destination in S\u00f6lden, Obergurgl and \u00d6tz.<\/p>\n<p>[\/et_pb_text][\/et_pb_column][et_pb_column type=&#8221;2_5&#8243; _builder_version=&#8221;4.16&#8243; background_color=&#8221;#EEF0FF&#8221; custom_padding=&#8221;1rem|1rem|1rem|1rem|true|true&#8221; border_radii=&#8221;on|3px|3px|3px|3px&#8221; global_colors_info=&#8221;{}&#8221;][et_pb_text _builder_version=&#8221;4.16&#8243; text_font=&#8221;||||||||&#8221; text_text_color=&#8221;#c5a102&#8243; text_font_size=&#8221;30px&#8221; global_colors_info=&#8221;{}&#8221; background_color=&#8221;#1b203d&#8221; custom_padding=&#8221;12px|12px|12px|12px|true|true&#8221; border_radii=&#8221;on|3px|3px|3px|3px&#8221; custom_margin=&#8221;||0px||false|false&#8221; text_orientation=&#8221;center&#8221;]<\/p>\n<p>Taxi Inquiry<\/p>\n<p>[\/et_pb_text][et_pb_code _builder_version=&#8221;4.16&#8243; global_colors_info=&#8221;{}&#8221;]<div class=\"wpforms-container wpforms-container-full anfrage-inhalt\" id=\"wpforms-723\"><form id=\"wpforms-form-723\" class=\"wpforms-validate wpforms-form\" data-formid=\"723\" method=\"post\" enctype=\"multipart\/form-data\" action=\"\/en\/wp-json\/wp\/v2\/pages\/581\" data-token=\"cd2661cc8a0c11ffbdeba4698e692184\" data-token-time=\"1778691487\"><noscript class=\"wpforms-error-noscript\">Please enable JavaScript in your browser to complete this form.<\/noscript><div class=\"wpforms-field-container\"><div id=\"wpforms-723-field_5-container\" class=\"wpforms-field wpforms-field-text wpforms-one-half wpforms-first\" data-field-id=\"5\"><label class=\"wpforms-field-label wpforms-label-hide\" for=\"wpforms-723-field_5\">Start <span class=\"wpforms-required-label\">*<\/span><\/label><input type=\"text\" id=\"wpforms-723-field_5\" class=\"wpforms-field-large wpforms-field-required\" name=\"wpforms[fields][5]\" placeholder=\"Start-Adress\" required><\/div><div id=\"wpforms-723-field_8-container\" class=\"wpforms-field wpforms-field-text wpforms-one-half\" data-field-id=\"8\"><label class=\"wpforms-field-label wpforms-label-hide\" for=\"wpforms-723-field_8\">Destination <span class=\"wpforms-required-label\">*<\/span><\/label><input type=\"text\" id=\"wpforms-723-field_8\" class=\"wpforms-field-large wpforms-field-required\" name=\"wpforms[fields][8]\" placeholder=\"Destination-Adress\" required><\/div><div id=\"wpforms-723-field_11-container\" class=\"wpforms-field wpforms-field-date-time wpforms-one-half wpforms-first\" data-field-id=\"11\"><label class=\"wpforms-field-label wpforms-label-hide\" for=\"wpforms-723-field_11\">Date <span class=\"wpforms-required-label\">*<\/span><\/label><div class=\"wpforms-datepicker-wrap\"><input type=\"text\" id=\"wpforms-723-field_11\" class=\"wpforms-field-date-time-date wpforms-datepicker wpforms-field-required wpforms-field-large\" data-date-format=\"F j, Y\" data-disable-past-dates=\"1\" data-disable-todays-date=\"0\" data-input=\"true\" name=\"wpforms[fields][11][date]\" placeholder=\"Choose date\" required><a title=\"Clear Date\" data-clear role=\"button\" tabindex=\"0\" class=\"wpforms-datepicker-clear\" aria-label=\"Clear Date\" style=\"display:none;\"><\/a><\/div><\/div><div id=\"wpforms-723-field_12-container\" class=\"wpforms-field wpforms-field-date-time wpforms-one-half\" data-field-id=\"12\"><label class=\"wpforms-field-label wpforms-label-hide\" for=\"wpforms-723-field_12-time\">Time <span class=\"wpforms-required-label\">*<\/span><\/label><input type=\"text\" id=\"wpforms-723-field_12-time\" class=\"wpforms-field-date-time-time wpforms-timepicker wpforms-field-required wpforms-field-large\" data-time-format=\"g:i A\" data-step=\"15\" data-rule-time12h=\"true\" name=\"wpforms[fields][12][time]\" placeholder=\"Choose time\" required><\/div><div id=\"wpforms-723-field_13-container\" class=\"wpforms-field wpforms-field-checkbox retour-check wpforms-conditional-trigger\" data-field-id=\"13\"><label class=\"wpforms-field-label wpforms-label-hide\">Retour<\/label><ul id=\"wpforms-723-field_13\"><li class=\"choice-1 depth-1\"><input type=\"checkbox\" id=\"wpforms-723-field_13_1\" name=\"wpforms[fields][13][]\" value=\"Select return journey\"  ><label class=\"wpforms-field-label-inline\" for=\"wpforms-723-field_13_1\">Select return journey<\/label><\/li><\/ul><\/div><div id=\"wpforms-723-field_14-container\" class=\"wpforms-field wpforms-field-text wpforms-one-half wpforms-first wpforms-conditional-field wpforms-conditional-show\" data-field-id=\"14\" style=\"display:none;\"><label class=\"wpforms-field-label wpforms-label-hide\" for=\"wpforms-723-field_14\">Start-return <span class=\"wpforms-required-label\">*<\/span><\/label><input type=\"text\" id=\"wpforms-723-field_14\" class=\"wpforms-field-large wpforms-field-required\" name=\"wpforms[fields][14]\" placeholder=\"Start-return-Adress\" required><\/div><div id=\"wpforms-723-field_15-container\" class=\"wpforms-field wpforms-field-text wpforms-one-half wpforms-conditional-field wpforms-conditional-show\" data-field-id=\"15\" style=\"display:none;\"><label class=\"wpforms-field-label wpforms-label-hide\" for=\"wpforms-723-field_15\">Destination-return <span class=\"wpforms-required-label\">*<\/span><\/label><input type=\"text\" id=\"wpforms-723-field_15\" class=\"wpforms-field-large wpforms-field-required\" name=\"wpforms[fields][15]\" placeholder=\"Destination-return-Adress\" required><\/div><div id=\"wpforms-723-field_16-container\" class=\"wpforms-field wpforms-field-date-time wpforms-one-half wpforms-first wpforms-conditional-field wpforms-conditional-show\" data-field-id=\"16\" style=\"display:none;\"><label class=\"wpforms-field-label wpforms-label-hide\" for=\"wpforms-723-field_16\">Date-return <span class=\"wpforms-required-label\">*<\/span><\/label><div class=\"wpforms-datepicker-wrap\"><input type=\"text\" id=\"wpforms-723-field_16\" class=\"wpforms-field-date-time-date wpforms-datepicker wpforms-field-required wpforms-field-large\" data-date-format=\"F j, Y\" data-disable-past-dates=\"1\" data-disable-todays-date=\"0\" data-input=\"true\" name=\"wpforms[fields][16][date]\" placeholder=\"Choose date for return\" required><a title=\"Clear Date\" data-clear role=\"button\" tabindex=\"0\" class=\"wpforms-datepicker-clear\" aria-label=\"Clear Date\" style=\"display:none;\"><\/a><\/div><\/div><div id=\"wpforms-723-field_17-container\" class=\"wpforms-field wpforms-field-date-time wpforms-one-half wpforms-conditional-field wpforms-conditional-show\" data-field-id=\"17\" style=\"display:none;\"><label class=\"wpforms-field-label wpforms-label-hide\" for=\"wpforms-723-field_17-time\">Time-return <span class=\"wpforms-required-label\">*<\/span><\/label><input type=\"text\" id=\"wpforms-723-field_17-time\" class=\"wpforms-field-date-time-time wpforms-timepicker wpforms-field-required wpforms-field-large\" data-time-format=\"g:i A\" data-step=\"15\" data-rule-time12h=\"true\" name=\"wpforms[fields][17][time]\" placeholder=\"Choose time for return\" required><\/div><div id=\"wpforms-723-field_2-container\" class=\"wpforms-field wpforms-field-name wpforms-one-half wpforms-first\" data-field-id=\"2\"><label class=\"wpforms-field-label wpforms-label-hide\" for=\"wpforms-723-field_2\">Name <span class=\"wpforms-required-label\">*<\/span><\/label><input type=\"text\" id=\"wpforms-723-field_2\" class=\"wpforms-field-large wpforms-field-required\" name=\"wpforms[fields][2]\" placeholder=\"Name\" required><\/div><div id=\"wpforms-723-field_7-container\" class=\"wpforms-field wpforms-field-number wpforms-one-half\" data-field-id=\"7\"><label class=\"wpforms-field-label wpforms-label-hide\" for=\"wpforms-723-field_7\">Number of Persons <span class=\"wpforms-required-label\">*<\/span><\/label><input type=\"number\" id=\"wpforms-723-field_7\" class=\"wpforms-field-large wpforms-field-required\" name=\"wpforms[fields][7]\" placeholder=\"Number of Persons\" step=\"any\" required><\/div><div id=\"wpforms-723-field_3-container\" class=\"wpforms-field wpforms-field-email wpforms-one-half wpforms-first\" data-field-id=\"3\"><label class=\"wpforms-field-label wpforms-label-hide\" for=\"wpforms-723-field_3\">E-Mail <span class=\"wpforms-required-label\">*<\/span><\/label><input type=\"email\" id=\"wpforms-723-field_3\" class=\"wpforms-field-large wpforms-field-required\" name=\"wpforms[fields][3]\" placeholder=\"E-Mail\" spellcheck=\"false\" required><\/div><div id=\"wpforms-723-field_1-container\" class=\"wpforms-field wpforms-field-phone wpforms-one-half\" data-field-id=\"1\"><label class=\"wpforms-field-label wpforms-label-hide\" for=\"wpforms-723-field_1\">Phone <span class=\"wpforms-required-label\">*<\/span><\/label><input type=\"tel\" id=\"wpforms-723-field_1\" class=\"wpforms-field-large wpforms-field-required\" data-rule-int-phone-field=\"true\" name=\"wpforms[fields][1]\" placeholder=\"Phone\" aria-label=\"Phone\" required><\/div><div id=\"wpforms-723-field_9-container\" class=\"wpforms-field wpforms-field-captcha wpforms-one-half wpforms-first\" data-field-id=\"9\"><label class=\"wpforms-field-label wpforms-label-hide\" for=\"wpforms-723-field_9\">captcha <span class=\"wpforms-required-label\">*<\/span><\/label>\t\t\t<div class=\"wpforms-captcha-math\">\n\t\t\t\t<span id=\"wpforms-723-field_9-question\" class=\"wpforms-captcha-equation\">\n\t\t\t\t\t<span class=\"n1\">3<\/span>\n\t\t\t\t\t\t\t<span class=\"cal\">+<\/span>\n\t\t\t\t\t\t\t<span class=\"n2\">12<\/span>\t\t\t\t\t<span class=\"e\">=<\/span>\n\t\t\t\t<\/span>\n\t\t\t\t<input type=\"text\" id=\"wpforms-723-field_9\" class=\"wpforms-field-medium wpforms-field-required a\" data-rule-wpf-captcha=\"math\" data-is-wrapped-field=\"1\" name=\"wpforms[fields][9][a]\" aria-describedby=\"wpforms-723-field_9-question\" required>\t\t\t\t<input type=\"hidden\" name=\"wpforms[fields][9][cal]\" class=\"cal\">\n\t\t\t\t<input type=\"hidden\" name=\"wpforms[fields][9][n2]\" class=\"n2\">\n\t\t\t\t<input type=\"hidden\" name=\"wpforms[fields][9][n1]\" class=\"n1\">\n\t\t\t<\/div>\n\t\t\t<\/div><\/div><!-- .wpforms-field-container --><div class=\"wpforms-field wpforms-field-hp\"><label for=\"wpforms-723-field-hp\" class=\"wpforms-field-label\">Comment<\/label><input type=\"text\" name=\"wpforms[hp]\" id=\"wpforms-723-field-hp\" class=\"wpforms-field-medium\"><\/div><div class=\"wpforms-submit-container\" ><input type=\"hidden\" name=\"wpforms[id]\" value=\"723\"><input type=\"hidden\" name=\"page_title\" value=\"\"><input type=\"hidden\" name=\"page_url\" value=\"https:\/\/www.austriataxi.info\/en\/wp-json\/wp\/v2\/pages\/581\"><input type=\"hidden\" name=\"url_referer\" value=\"\"><button type=\"submit\" name=\"wpforms[submit]\" id=\"wpforms-submit-723\" class=\"wpforms-submit inline-absenden\" data-alt-text=\"Sending...\" data-submit-text=\"Send\" aria-live=\"assertive\" value=\"wpforms-submit\">Send<\/button><\/div><\/form><\/div>  <!-- .wpforms-container -->[\/et_pb_code][\/et_pb_column][\/et_pb_row][\/et_pb_section]<\/p>\n","protected":false},"excerpt":{"rendered":"<p>Taxi \u00d6tztal \u2013 Get from the \u00d6tztal train station to your destinationTaxi Obergurgl, S\u00f6lden, \u00d6tz\u2026We are your taxi for the Oetztal, Obergurgl and Soelden. Our perfect location in Oetztal Bahnhof (directly next to the train station) makes us the ideal Taxi for your vacation in Tyrol. Many of our costumers travel by train to the [&hellip;]<\/p>\n","protected":false},"author":1,"featured_media":0,"parent":0,"menu_order":1,"comment_status":"closed","ping_status":"closed","template":"","meta":{"_et_pb_use_builder":"on","_et_pb_old_content":"","_et_gb_content_width":"","inline_featured_image":false,"footnotes":""},"class_list":["post-581","page","type-page","status-publish","hentry"],"yoast_head":"<!-- This site is optimized with the Yoast SEO plugin v27.5 - https:\/\/yoast.com\/product\/yoast-seo-wordpress\/ -->\n<title>Taxi \u00d6tztal and the holiday starts already with the arrival<\/title>\n<meta name=\"description\" content=\"Direct transfer from the airport or \u00d6tztal train station to the accommodation with Austria Taxi Tipotsch. Easy arrival and transfers within the \u00d6tztal.\" \/>\n<meta name=\"robots\" content=\"index, follow, max-snippet:-1, max-image-preview:large, max-video-preview:-1\" \/>\n<link rel=\"canonical\" href=\"https:\/\/www.austriataxi.info\/en\/taxi-oetztal\/\" \/>\n<meta property=\"og:locale\" content=\"en_GB\" \/>\n<meta property=\"og:type\" content=\"article\" \/>\n<meta property=\"og:title\" content=\"Taxi \u00d6tztal and the holiday starts already with the arrival\" \/>\n<meta property=\"og:description\" content=\"Direct transfer from the airport or \u00d6tztal train station to the accommodation with Austria Taxi Tipotsch. Easy arrival and transfers within the \u00d6tztal.\" \/>\n<meta property=\"og:url\" content=\"https:\/\/www.austriataxi.info\/en\/taxi-oetztal\/\" \/>\n<meta property=\"og:site_name\" content=\"Austria Taxi Tipotsch\" \/>\n<meta property=\"article:modified_time\" content=\"2025-06-11T16:32:02+00:00\" \/>\n<meta name=\"twitter:card\" content=\"summary_large_image\" \/>\n<meta name=\"twitter:label1\" content=\"Estimated reading time\" \/>\n\t<meta name=\"twitter:data1\" content=\"3 minutes\" \/>\n<script type=\"application\/ld+json\" class=\"yoast-schema-graph\">{\"@context\":\"https:\\\/\\\/schema.org\",\"@graph\":[{\"@type\":\"WebPage\",\"@id\":\"https:\\\/\\\/www.austriataxi.info\\\/en\\\/taxi-oetztal\\\/\",\"url\":\"https:\\\/\\\/www.austriataxi.info\\\/en\\\/taxi-oetztal\\\/\",\"name\":\"Taxi \u00d6tztal and the holiday starts already with the arrival\",\"isPartOf\":{\"@id\":\"https:\\\/\\\/www.austriataxi.info\\\/en\\\/#website\"},\"datePublished\":\"2020-02-13T14:29:17+00:00\",\"dateModified\":\"2025-06-11T16:32:02+00:00\",\"description\":\"Direct transfer from the airport or \u00d6tztal train station to the accommodation with Austria Taxi Tipotsch. Easy arrival and transfers within the \u00d6tztal.\",\"breadcrumb\":{\"@id\":\"https:\\\/\\\/www.austriataxi.info\\\/en\\\/taxi-oetztal\\\/#breadcrumb\"},\"inLanguage\":\"en-GB\",\"potentialAction\":[{\"@type\":\"ReadAction\",\"target\":[\"https:\\\/\\\/www.austriataxi.info\\\/en\\\/taxi-oetztal\\\/\"]}]},{\"@type\":\"BreadcrumbList\",\"@id\":\"https:\\\/\\\/www.austriataxi.info\\\/en\\\/taxi-oetztal\\\/#breadcrumb\",\"itemListElement\":[{\"@type\":\"ListItem\",\"position\":1,\"name\":\"Startseite\",\"item\":\"https:\\\/\\\/www.austriataxi.info\\\/en\\\/\"},{\"@type\":\"ListItem\",\"position\":2,\"name\":\"Taxi \u00d6tztal\"}]},{\"@type\":\"WebSite\",\"@id\":\"https:\\\/\\\/www.austriataxi.info\\\/en\\\/#website\",\"url\":\"https:\\\/\\\/www.austriataxi.info\\\/en\\\/\",\"name\":\"Austria Taxi Tipotsch\",\"description\":\"Eine weitere WordPress-Website\",\"potentialAction\":[{\"@type\":\"SearchAction\",\"target\":{\"@type\":\"EntryPoint\",\"urlTemplate\":\"https:\\\/\\\/www.austriataxi.info\\\/en\\\/?s={search_term_string}\"},\"query-input\":{\"@type\":\"PropertyValueSpecification\",\"valueRequired\":true,\"valueName\":\"search_term_string\"}}],\"inLanguage\":\"en-GB\"}]}<\/script>\n<!-- \/ Yoast SEO plugin. -->","yoast_head_json":{"title":"Taxi \u00d6tztal and the holiday starts already with the arrival","description":"Direct transfer from the airport or \u00d6tztal train station to the accommodation with Austria Taxi Tipotsch. Easy arrival and transfers within the \u00d6tztal.","robots":{"index":"index","follow":"follow","max-snippet":"max-snippet:-1","max-image-preview":"max-image-preview:large","max-video-preview":"max-video-preview:-1"},"canonical":"https:\/\/www.austriataxi.info\/en\/taxi-oetztal\/","og_locale":"en_GB","og_type":"article","og_title":"Taxi \u00d6tztal and the holiday starts already with the arrival","og_description":"Direct transfer from the airport or \u00d6tztal train station to the accommodation with Austria Taxi Tipotsch. Easy arrival and transfers within the \u00d6tztal.","og_url":"https:\/\/www.austriataxi.info\/en\/taxi-oetztal\/","og_site_name":"Austria Taxi Tipotsch","article_modified_time":"2025-06-11T16:32:02+00:00","twitter_card":"summary_large_image","twitter_misc":{"Estimated reading time":"3 minutes"},"schema":{"@context":"https:\/\/schema.org","@graph":[{"@type":"WebPage","@id":"https:\/\/www.austriataxi.info\/en\/taxi-oetztal\/","url":"https:\/\/www.austriataxi.info\/en\/taxi-oetztal\/","name":"Taxi \u00d6tztal and the holiday starts already with the arrival","isPartOf":{"@id":"https:\/\/www.austriataxi.info\/en\/#website"},"datePublished":"2020-02-13T14:29:17+00:00","dateModified":"2025-06-11T16:32:02+00:00","description":"Direct transfer from the airport or \u00d6tztal train station to the accommodation with Austria Taxi Tipotsch. Easy arrival and transfers within the \u00d6tztal.","breadcrumb":{"@id":"https:\/\/www.austriataxi.info\/en\/taxi-oetztal\/#breadcrumb"},"inLanguage":"en-GB","potentialAction":[{"@type":"ReadAction","target":["https:\/\/www.austriataxi.info\/en\/taxi-oetztal\/"]}]},{"@type":"BreadcrumbList","@id":"https:\/\/www.austriataxi.info\/en\/taxi-oetztal\/#breadcrumb","itemListElement":[{"@type":"ListItem","position":1,"name":"Startseite","item":"https:\/\/www.austriataxi.info\/en\/"},{"@type":"ListItem","position":2,"name":"Taxi \u00d6tztal"}]},{"@type":"WebSite","@id":"https:\/\/www.austriataxi.info\/en\/#website","url":"https:\/\/www.austriataxi.info\/en\/","name":"Austria Taxi Tipotsch","description":"Eine weitere WordPress-Website","potentialAction":[{"@type":"SearchAction","target":{"@type":"EntryPoint","urlTemplate":"https:\/\/www.austriataxi.info\/en\/?s={search_term_string}"},"query-input":{"@type":"PropertyValueSpecification","valueRequired":true,"valueName":"search_term_string"}}],"inLanguage":"en-GB"}]}},"_links":{"self":[{"href":"https:\/\/www.austriataxi.info\/en\/wp-json\/wp\/v2\/pages\/581","targetHints":{"allow":["GET"]}}],"collection":[{"href":"https:\/\/www.austriataxi.info\/en\/wp-json\/wp\/v2\/pages"}],"about":[{"href":"https:\/\/www.austriataxi.info\/en\/wp-json\/wp\/v2\/types\/page"}],"author":[{"embeddable":true,"href":"https:\/\/www.austriataxi.info\/en\/wp-json\/wp\/v2\/users\/1"}],"replies":[{"embeddable":true,"href":"https:\/\/www.austriataxi.info\/en\/wp-json\/wp\/v2\/comments?post=581"}],"version-history":[{"count":5,"href":"https:\/\/www.austriataxi.info\/en\/wp-json\/wp\/v2\/pages\/581\/revisions"}],"predecessor-version":[{"id":1199,"href":"https:\/\/www.austriataxi.info\/en\/wp-json\/wp\/v2\/pages\/581\/revisions\/1199"}],"wp:attachment":[{"href":"https:\/\/www.austriataxi.info\/en\/wp-json\/wp\/v2\/media?parent=581"}],"curies":[{"name":"wp","href":"https:\/\/api.w.org\/{rel}","templated":true}]}}